{"id":1995,"date":"2022-03-04T10:56:25","date_gmt":"2022-03-04T10:56:25","guid":{"rendered":"https:\/\/arty-shock.com\/testimonials-videos\/"},"modified":"2024-12-20T09:42:35","modified_gmt":"2024-12-20T09:42:35","slug":"testimonials-videos","status":"publish","type":"page","link":"https:\/\/arty-shock.com\/de\/testimonials-videos\/","title":{"rendered":"Testimonials Videos"},"content":{"rendered":"\t\t<div data-elementor-type=\"wp-page\" data-elementor-id=\"1995\" class=\"elementor elementor-1995\" data-elementor-post-type=\"page\">\n\t\t\t\t\t\t<section class=\"elementor-section elementor-top-section elementor-element elementor-element-e45725c elementor-section-boxed elementor-section-height-default elementor-section-height-default\" data-id=\"e45725c\" data-element_type=\"section\" data-e-type=\"section\">\n\t\t\t\t\t\t<div class=\"elementor-container elementor-column-gap-default\">\n\t\t\t\t\t<div class=\"elementor-column elementor-col-100 elementor-top-column elementor-element elementor-element-f4d9342\" data-id=\"f4d9342\" data-element_type=\"column\" data-e-type=\"column\">\n\t\t\t<div class=\"elementor-widget-wrap elementor-element-populated\">\n\t\t\t\t\t\t<div class=\"elementor-element elementor-element-1594cfc elementor-widget elementor-widget-heading\" data-id=\"1594cfc\" data-element_type=\"widget\" data-e-type=\"widget\" data-widget_type=\"heading.default\">\n\t\t\t\t<div class=\"elementor-widget-container\">\n\t\t\t\t\t<h1 class=\"elementor-heading-title elementor-size-default\">Testimonials Videos<\/h1>\t\t\t\t<\/div>\n\t\t\t\t<\/div>\n\t\t\t\t\t<\/div>\n\t\t<\/div>\n\t\t\t\t\t<\/div>\n\t\t<\/section>\n\t\t\t\t<section class=\"elementor-section elementor-top-section elementor-element elementor-element-d861f14 elementor-section-boxed elementor-section-height-default elementor-section-height-default\" data-id=\"d861f14\" data-element_type=\"section\" data-e-type=\"section\">\n\t\t\t\t\t\t<div class=\"elementor-container elementor-column-gap-default\">\n\t\t\t\t\t<div class=\"elementor-column elementor-col-100 elementor-top-column elementor-element elementor-element-993433c\" data-id=\"993433c\" data-element_type=\"column\" data-e-type=\"column\">\n\t\t\t<div class=\"elementor-widget-wrap elementor-element-populated\">\n\t\t\t\t\t\t<div class=\"elementor-element elementor-element-78e8ccc elementor-widget elementor-widget-heading\" data-id=\"78e8ccc\" data-element_type=\"widget\" data-e-type=\"widget\" data-widget_type=\"heading.default\">\n\t\t\t\t<div class=\"elementor-widget-container\">\n\t\t\t\t\t<h2 class=\"elementor-heading-title elementor-size-default\">User Stories &amp; Success Stories Videos<\/h2>\t\t\t\t<\/div>\n\t\t\t\t<\/div>\n\t\t\t\t\t<\/div>\n\t\t<\/div>\n\t\t\t\t\t<\/div>\n\t\t<\/section>\n\t\t\t\t<section class=\"elementor-section elementor-top-section elementor-element elementor-element-a5ec90f elementor-section-boxed elementor-section-height-default elementor-section-height-default\" data-id=\"a5ec90f\" data-element_type=\"section\" data-e-type=\"section\">\n\t\t\t\t\t\t<div class=\"elementor-container elementor-column-gap-default\">\n\t\t\t\t\t<div class=\"elementor-column elementor-col-100 elementor-top-column elementor-element elementor-element-b5409d3\" data-id=\"b5409d3\" data-element_type=\"column\" data-e-type=\"column\">\n\t\t\t<div class=\"elementor-widget-wrap elementor-element-populated\">\n\t\t\t\t\t\t<div class=\"elementor-element elementor-element-20f2e1e elementor-widget elementor-widget-spacer\" data-id=\"20f2e1e\" data-element_type=\"widget\" data-e-type=\"widget\" data-widget_type=\"spacer.default\">\n\t\t\t\t<div class=\"elementor-widget-container\">\n\t\t\t\t\t\t\t<div class=\"elementor-spacer\">\n\t\t\t<div class=\"elementor-spacer-inner\"><\/div>\n\t\t<\/div>\n\t\t\t\t\t\t<\/div>\n\t\t\t\t<\/div>\n\t\t\t\t\t<\/div>\n\t\t<\/div>\n\t\t\t\t\t<\/div>\n\t\t<\/section>\n\t\t\t\t<section class=\"elementor-section elementor-top-section elementor-element elementor-element-821f64f elementor-section-boxed elementor-section-height-default elementor-section-height-default\" data-id=\"821f64f\" data-element_type=\"section\" data-e-type=\"section\">\n\t\t\t\t\t\t<div class=\"elementor-container elementor-column-gap-default\">\n\t\t\t\t\t<div class=\"elementor-column elementor-col-50 elementor-top-column elementor-element elementor-element-446090a\" data-id=\"446090a\" data-element_type=\"column\" data-e-type=\"column\">\n\t\t\t<div class=\"elementor-widget-wrap elementor-element-populated\">\n\t\t\t\t\t\t<div class=\"elementor-element elementor-element-7f7f74d elementor-widget elementor-widget-heading\" data-id=\"7f7f74d\" data-element_type=\"widget\" data-e-type=\"widget\" data-widget_type=\"heading.default\">\n\t\t\t\t<div class=\"elementor-widget-container\">\n\t\t\t\t\t<h4 class=\"elementor-heading-title elementor-size-default\">Positive Bewertungen schaffen automatisch das Vertrauen eines potenziellen Kunden. Das ist die Art von externer Best\u00e4tigung, die Ihrer Marke echte Glaubw\u00fcrdigkeit verleiht. <\/h4>\t\t\t\t<\/div>\n\t\t\t\t<\/div>\n\t\t\t\t\t<\/div>\n\t\t<\/div>\n\t\t\t\t<div class=\"elementor-column elementor-col-50 elementor-top-column elementor-element elementor-element-47bfeb2\" data-id=\"47bfeb2\" data-element_type=\"column\" data-e-type=\"column\">\n\t\t\t<div class=\"elementor-widget-wrap elementor-element-populated\">\n\t\t\t\t\t\t<div class=\"elementor-element elementor-element-a5dbd69 elementor-widget elementor-widget-text-editor\" data-id=\"a5dbd69\" data-element_type=\"widget\" data-e-type=\"widget\" data-widget_type=\"text-editor.default\">\n\t\t\t\t<div class=\"elementor-widget-container\">\n\t\t\t\t\t\t\t\t\t<p> <strong><span style=\"color: #a45098;\">Noch aussagekr\u00e4ftiger als schriftliche Bewertungen sind Testimonials-Videos.<\/span> <\/strong>Wenn zufriedene Kunden Sie pers\u00f6nlich vor der Kamera loben, zeigt das, wie sehr sie Ihre Dienstleistungen und die enge Beziehung, die Sie zu ihnen aufgebaut haben, sch\u00e4tzen.<\/p>\n<p>Ziel ist es, einen kleinen Einblick in die Arbeit Ihres Unternehmens mit Ihrem Kunden zu geben, z. B. wie Ihre L\u00f6sungen Ihnen geholfen haben, Hindernisse zu \u00fcberwinden. Auf diese Weise erf\u00e4hrt der Interessent mehr \u00fcber die Arbeit Ihres Unternehmens.<\/p>\n\t\t\t\t\t\t\t\t<\/div>\n\t\t\t\t<\/div>\n\t\t\t\t\t<\/div>\n\t\t<\/div>\n\t\t\t\t\t<\/div>\n\t\t<\/section>\n\t\t\t\t<section class=\"elementor-section elementor-top-section elementor-element elementor-element-0f21a69 elementor-section-boxed elementor-section-height-default elementor-section-height-default\" data-id=\"0f21a69\" data-element_type=\"section\" data-e-type=\"section\">\n\t\t\t\t\t\t<div class=\"elementor-container elementor-column-gap-default\">\n\t\t\t\t\t<div class=\"elementor-column elementor-col-100 elementor-top-column elementor-element elementor-element-de45ad6\" data-id=\"de45ad6\" data-element_type=\"column\" data-e-type=\"column\">\n\t\t\t<div class=\"elementor-widget-wrap elementor-element-populated\">\n\t\t\t\t\t\t<div class=\"elementor-element elementor-element-81179a0 elementor-widget elementor-widget-text-editor\" data-id=\"81179a0\" data-element_type=\"widget\" data-e-type=\"widget\" data-widget_type=\"text-editor.default\">\n\t\t\t\t<div class=\"elementor-widget-container\">\n\t\t\t\t\t\t\t\t\t<p><span style=\"color: #000000;\">Laut einer<\/span> <span style=\"color: #a45098;\"><a style=\"color: #a45098;\" href=\"https:\/\/stackla.com\/resources\/reports\/the-consumer-content-report-influence-in-the-digital-age\/\" target=\"_blank\" rel=\"noopener\">2019 Studie von Stackla<\/a><\/span>, <span style=\"color: #000000;\"><em>&#8222;60 % der Verbraucher geben an, dass Inhalte von Freunden oder der Familie ihre Kaufentscheidungen beeinflussen, w\u00e4hrend nur 23 % sagen, dass Inhalte von Prominenten und Influencern einen Einfluss haben.&#8220;<\/em><\/span><\/p>\n<p><span style=\"color: #000000;\">Nutzerbewertungen, Facebook-Empfehlungen, Instagram-Stories, YouTube-Produktbewertungen und Unboxing-Videos: Dies sind einige der \u00fcblichen Informationsquellen, die ein potenzieller K\u00e4ufer vor dem Kauf zur Best\u00e4tigung heranzieht.<\/span><\/p>\n\t\t\t\t\t\t\t\t<\/div>\n\t\t\t\t<\/div>\n\t\t\t\t\t<\/div>\n\t\t<\/div>\n\t\t\t\t\t<\/div>\n\t\t<\/section>\n\t\t\t\t<section class=\"elementor-section elementor-top-section elementor-element elementor-element-f3d1c74 elementor-section-boxed elementor-section-height-default elementor-section-height-default\" data-id=\"f3d1c74\" data-element_type=\"section\" data-e-type=\"section\">\n\t\t\t\t\t\t<div class=\"elementor-container elementor-column-gap-default\">\n\t\t\t\t\t<div class=\"elementor-column elementor-col-100 elementor-top-column elementor-element elementor-element-53cbe88\" data-id=\"53cbe88\" data-element_type=\"column\" data-e-type=\"column\">\n\t\t\t<div class=\"elementor-widget-wrap elementor-element-populated\">\n\t\t\t\t\t\t\t<\/div>\n\t\t<\/div>\n\t\t\t\t\t<\/div>\n\t\t<\/section>\n\t\t\t\t<section class=\"elementor-section elementor-top-section elementor-element elementor-element-7bc535c elementor-section-boxed elementor-section-height-default elementor-section-height-default\" data-id=\"7bc535c\" data-element_type=\"section\" data-e-type=\"section\">\n\t\t\t\t\t\t<div class=\"elementor-container elementor-column-gap-default\">\n\t\t\t\t\t<div class=\"elementor-column elementor-col-50 elementor-top-column elementor-element elementor-element-5020bac\" data-id=\"5020bac\" data-element_type=\"column\" data-e-type=\"column\">\n\t\t\t<div class=\"elementor-widget-wrap elementor-element-populated\">\n\t\t\t\t\t\t<div class=\"elementor-element elementor-element-2f7c866 elementor-widget elementor-widget-video\" data-id=\"2f7c866\" data-element_type=\"widget\" data-e-type=\"widget\" data-settings=\"{&quot;youtube_url&quot;:&quot;https:\\\/\\\/www.youtube.com\\\/watch?v=FsR1qG5Hb-g&quot;,&quot;lazy_load&quot;:&quot;yes&quot;,&quot;show_image_overlay&quot;:&quot;yes&quot;,&quot;image_overlay&quot;:{&quot;url&quot;:&quot;https:\\\/\\\/arty-shock.com\\\/wp-content\\\/uploads\\\/2022\\\/05\\\/Screenshot-2022-05-30-at-09.13.49.png&quot;,&quot;id&quot;:1089,&quot;size&quot;:&quot;&quot;,&quot;alt&quot;:&quot;&quot;,&quot;source&quot;:&quot;library&quot;},&quot;lightbox&quot;:&quot;yes&quot;,&quot;video_type&quot;:&quot;youtube&quot;,&quot;controls&quot;:&quot;yes&quot;}\" data-widget_type=\"video.default\">\n\t\t\t\t<div class=\"elementor-widget-container\">\n\t\t\t\t\t\t\t<div class=\"elementor-wrapper elementor-open-lightbox\">\n\t\t\t\t\t\t\t<div class=\"elementor-custom-embed-image-overlay\" data-elementor-open-lightbox=\"yes\" data-elementor-lightbox=\"{&quot;type&quot;:&quot;video&quot;,&quot;videoType&quot;:&quot;youtube&quot;,&quot;url&quot;:&quot;https:\\\/\\\/www.youtube.com\\\/embed\\\/FsR1qG5Hb-g?feature=oembed&amp;start&amp;end&amp;wmode=opaque&amp;loop=0&amp;controls=1&amp;mute=0&amp;rel=0&amp;cc_load_policy=0&quot;,&quot;autoplay&quot;:&quot;&quot;,&quot;modalOptions&quot;:{&quot;id&quot;:&quot;elementor-lightbox-2f7c866&quot;,&quot;entranceAnimation&quot;:&quot;&quot;,&quot;entranceAnimation_tablet&quot;:&quot;&quot;,&quot;entranceAnimation_mobile&quot;:&quot;&quot;,&quot;videoAspectRatio&quot;:&quot;169&quot;}}\" data-e-action-hash=\"#elementor-action%3Aaction%3Dlightbox%26settings%3DeyJ0eXBlIjoidmlkZW8iLCJ2aWRlb1R5cGUiOiJ5b3V0dWJlIiwidXJsIjoiaHR0cHM6XC9cL3d3dy55b3V0dWJlLmNvbVwvZW1iZWRcL0ZzUjFxRzVIYi1nP2ZlYXR1cmU9b2VtYmVkJnN0YXJ0JmVuZCZ3bW9kZT1vcGFxdWUmbG9vcD0wJmNvbnRyb2xzPTEmbXV0ZT0wJnJlbD0wJmNjX2xvYWRfcG9saWN5PTAiLCJhdXRvcGxheSI6IiIsIm1vZGFsT3B0aW9ucyI6eyJpZCI6ImVsZW1lbnRvci1saWdodGJveC0yZjdjODY2IiwiZW50cmFuY2VBbmltYXRpb24iOiIiLCJlbnRyYW5jZUFuaW1hdGlvbl90YWJsZXQiOiIiLCJlbnRyYW5jZUFuaW1hdGlvbl9tb2JpbGUiOiIiLCJ2aWRlb0FzcGVjdFJhdGlvIjoiMTY5In19\">\n\t\t\t\t\t\t\t\t\t\t\t<img fetchpriority=\"high\" decoding=\"async\" width=\"2096\" height=\"2098\" src=\"https:\/\/arty-shock.com\/wp-content\/uploads\/2022\/05\/Screenshot-2022-05-30-at-09.13.49.png\" class=\"attachment-full size-full wp-image-1089\" alt=\"Video Production Berlin\" srcset=\"https:\/\/arty-shock.com\/wp-content\/uploads\/2022\/05\/Screenshot-2022-05-30-at-09.13.49.png 2096w, https:\/\/arty-shock.com\/wp-content\/uploads\/2022\/05\/Screenshot-2022-05-30-at-09.13.49-300x300.png 300w, https:\/\/arty-shock.com\/wp-content\/uploads\/2022\/05\/Screenshot-2022-05-30-at-09.13.49-1024x1024.png 1024w, https:\/\/arty-shock.com\/wp-content\/uploads\/2022\/05\/Screenshot-2022-05-30-at-09.13.49-150x150.png 150w, https:\/\/arty-shock.com\/wp-content\/uploads\/2022\/05\/Screenshot-2022-05-30-at-09.13.49-768x769.png 768w, https:\/\/arty-shock.com\/wp-content\/uploads\/2022\/05\/Screenshot-2022-05-30-at-09.13.49-1536x1536.png 1536w, https:\/\/arty-shock.com\/wp-content\/uploads\/2022\/05\/Screenshot-2022-05-30-at-09.13.49-2046x2048.png 2046w\" sizes=\"(max-width: 2096px) 100vw, 2096px\" \/>\t\t\t\t\t\t\t\t\t\t\t\t\t\t\t\t<div class=\"elementor-custom-embed-play\" role=\"button\" aria-label=\"Video abspielen\" tabindex=\"0\">\n\t\t\t\t\t\t\t<i aria-hidden=\"true\" class=\"eicon-play\"><\/i>\t\t\t\t\t\t<\/div>\n\t\t\t\t\t\t\t\t\t<\/div>\n\t\t\t\t\t<\/div>\n\t\t\t\t\t\t<\/div>\n\t\t\t\t<\/div>\n\t\t\t\t\t<\/div>\n\t\t<\/div>\n\t\t\t\t<div class=\"elementor-column elementor-col-50 elementor-top-column elementor-element elementor-element-30501a0\" data-id=\"30501a0\" data-element_type=\"column\" data-e-type=\"column\">\n\t\t\t<div class=\"elementor-widget-wrap elementor-element-populated\">\n\t\t\t\t\t\t<div class=\"elementor-element elementor-element-dac3821 elementor-widget elementor-widget-text-editor\" data-id=\"dac3821\" data-element_type=\"widget\" data-e-type=\"widget\" data-widget_type=\"text-editor.default\">\n\t\t\t\t<div class=\"elementor-widget-container\">\n\t\t\t\t\t\t\t\t\t<p><span style=\"color: #000000;\">Um die Produktion der Testimonials-Videos einfach zu halten und den Zeitplan Ihrer Kunden so wenig wie m\u00f6glich zu st\u00f6ren, filmen wir die Interviews mit Ihren Kunden in deren Gesch\u00e4fts- oder B\u00fcror\u00e4umen und k\u00fcmmern uns um die Logistik. <\/span><\/p>\n<p><span style=\"color: #000000;\">Sie haben zwar keine Kontrolle \u00fcber nutzergenerierte Inhalte, aber Sie k\u00f6nnen positive Bewertungen in Videoclips und visuellen Inhalten zusammenstellen, die die positiven Erfahrungen der Nutzer hervorheben. <\/span><\/p>\n\t\t\t\t\t\t\t\t<\/div>\n\t\t\t\t<\/div>\n\t\t\t\t\t<\/div>\n\t\t<\/div>\n\t\t\t\t\t<\/div>\n\t\t<\/section>\n\t\t\t\t<section class=\"elementor-section elementor-top-section elementor-element elementor-element-a8165db elementor-section-boxed elementor-section-height-default elementor-section-height-default\" data-id=\"a8165db\" data-element_type=\"section\" data-e-type=\"section\">\n\t\t\t\t\t\t<div class=\"elementor-container elementor-column-gap-default\">\n\t\t\t\t\t<div class=\"elementor-column elementor-col-33 elementor-top-column elementor-element elementor-element-43ff1a1\" data-id=\"43ff1a1\" data-element_type=\"column\" data-e-type=\"column\">\n\t\t\t<div class=\"elementor-widget-wrap elementor-element-populated\">\n\t\t\t\t\t\t<div class=\"elementor-element elementor-element-311f96e elementor-widget elementor-widget-image\" data-id=\"311f96e\" data-element_type=\"widget\" data-e-type=\"widget\" data-widget_type=\"image.default\">\n\t\t\t\t<div class=\"elementor-widget-container\">\n\t\t\t\t\t\t\t\t\t\t\t\t\t\t\t<img decoding=\"async\" width=\"768\" height=\"512\" src=\"https:\/\/arty-shock.com\/wp-content\/uploads\/2022\/03\/20210226_WW_Fatima_Thumbnail_01-768x512.jpg\" class=\"attachment-medium_large size-medium_large wp-image-1929\" alt=\"\" srcset=\"https:\/\/arty-shock.com\/wp-content\/uploads\/2022\/03\/20210226_WW_Fatima_Thumbnail_01-768x512.jpg 768w, https:\/\/arty-shock.com\/wp-content\/uploads\/2022\/03\/20210226_WW_Fatima_Thumbnail_01-300x200.jpg 300w, https:\/\/arty-shock.com\/wp-content\/uploads\/2022\/03\/20210226_WW_Fatima_Thumbnail_01-1024x683.jpg 1024w, https:\/\/arty-shock.com\/wp-content\/uploads\/2022\/03\/20210226_WW_Fatima_Thumbnail_01.jpg 1200w\" sizes=\"(max-width: 768px) 100vw, 768px\" \/>\t\t\t\t\t\t\t\t\t\t\t\t\t\t\t<\/div>\n\t\t\t\t<\/div>\n\t\t\t\t\t<\/div>\n\t\t<\/div>\n\t\t\t\t<div class=\"elementor-column elementor-col-66 elementor-top-column elementor-element elementor-element-b845b92\" data-id=\"b845b92\" data-element_type=\"column\" data-e-type=\"column\">\n\t\t\t<div class=\"elementor-widget-wrap elementor-element-populated\">\n\t\t\t\t\t\t<div class=\"elementor-element elementor-element-fced360 elementor-widget elementor-widget-text-editor\" data-id=\"fced360\" data-element_type=\"widget\" data-e-type=\"widget\" data-widget_type=\"text-editor.default\">\n\t\t\t\t<div class=\"elementor-widget-container\">\n\t\t\t\t\t\t\t\t\t<p>F\u00fcr B2B-Marken k\u00f6nnen Sie Kunden um die Aufnahme von Testimonials-Videos bitten, die Sie ebenfalls in Marketing- und Branding-Inhalte umwandeln k\u00f6nnen.<\/p>\n\t\t\t\t\t\t\t\t<\/div>\n\t\t\t\t<\/div>\n\t\t\t\t\t<\/div>\n\t\t<\/div>\n\t\t\t\t\t<\/div>\n\t\t<\/section>\n\t\t\t\t<section class=\"elementor-section elementor-top-section elementor-element elementor-element-c309ce0 elementor-section-boxed elementor-section-height-default elementor-section-height-default\" data-id=\"c309ce0\" data-element_type=\"section\" data-e-type=\"section\">\n\t\t\t\t\t\t<div class=\"elementor-container elementor-column-gap-default\">\n\t\t\t\t\t<div class=\"elementor-column elementor-col-100 elementor-top-column elementor-element elementor-element-aa61d10\" data-id=\"aa61d10\" data-element_type=\"column\" data-e-type=\"column\">\n\t\t\t<div class=\"elementor-widget-wrap elementor-element-populated\">\n\t\t\t\t\t\t<div class=\"elementor-element elementor-element-66dbfc2 elementor-widget elementor-widget-spacer\" data-id=\"66dbfc2\" data-element_type=\"widget\" data-e-type=\"widget\" data-widget_type=\"spacer.default\">\n\t\t\t\t<div class=\"elementor-widget-container\">\n\t\t\t\t\t\t\t<div class=\"elementor-spacer\">\n\t\t\t<div class=\"elementor-spacer-inner\"><\/div>\n\t\t<\/div>\n\t\t\t\t\t\t<\/div>\n\t\t\t\t<\/div>\n\t\t\t\t<div class=\"elementor-element elementor-element-a1b34c1 elementor-widget elementor-widget-video\" data-id=\"a1b34c1\" data-element_type=\"widget\" data-e-type=\"widget\" data-settings=\"{&quot;youtube_url&quot;:&quot;https:\\\/\\\/youtu.be\\\/Kms-r34lIuY&quot;,&quot;lazy_load&quot;:&quot;yes&quot;,&quot;show_image_overlay&quot;:&quot;yes&quot;,&quot;image_overlay&quot;:{&quot;url&quot;:&quot;https:\\\/\\\/arty-shock.com\\\/wp-content\\\/uploads\\\/2022\\\/03\\\/Morena_02_2.3.1.jpg&quot;,&quot;id&quot;:588,&quot;size&quot;:&quot;&quot;,&quot;alt&quot;:&quot;&quot;,&quot;source&quot;:&quot;library&quot;},&quot;video_type&quot;:&quot;youtube&quot;,&quot;controls&quot;:&quot;yes&quot;}\" data-widget_type=\"video.default\">\n\t\t\t\t<div class=\"elementor-widget-container\">\n\t\t\t\t\t\t\t<div class=\"elementor-wrapper elementor-open-inline\">\n\t\t\t<div class=\"elementor-video\"><\/div>\t\t\t\t<div class=\"elementor-custom-embed-image-overlay\" style=\"background-image: url(https:\/\/arty-shock.com\/wp-content\/uploads\/2022\/03\/Morena_02_2.3.1.jpg);\">\n\t\t\t\t\t\t\t\t\t\t\t\t\t\t\t\t<div class=\"elementor-custom-embed-play\" role=\"button\" aria-label=\"Video abspielen\" tabindex=\"0\">\n\t\t\t\t\t\t\t<i aria-hidden=\"true\" class=\"eicon-play\"><\/i>\t\t\t\t\t\t<\/div>\n\t\t\t\t\t\t\t\t\t<\/div>\n\t\t\t\t\t<\/div>\n\t\t\t\t\t\t<\/div>\n\t\t\t\t<\/div>\n\t\t\t\t\t<\/div>\n\t\t<\/div>\n\t\t\t\t\t<\/div>\n\t\t<\/section>\n\t\t\t\t<section class=\"elementor-section elementor-top-section elementor-element elementor-element-629e690 elementor-section-boxed elementor-section-height-default elementor-section-height-default\" data-id=\"629e690\" data-element_type=\"section\" data-e-type=\"section\">\n\t\t\t\t\t\t<div class=\"elementor-container elementor-column-gap-default\">\n\t\t\t\t\t<div class=\"elementor-column elementor-col-100 elementor-top-column elementor-element elementor-element-e9760d2\" data-id=\"e9760d2\" data-element_type=\"column\" data-e-type=\"column\">\n\t\t\t<div class=\"elementor-widget-wrap elementor-element-populated\">\n\t\t\t\t\t\t<div class=\"elementor-element elementor-element-05d87e5 elementor-cta--skin-cover elementor-animated-content elementor-bg-transform elementor-bg-transform-zoom-in elementor-widget elementor-widget-call-to-action\" data-id=\"05d87e5\" data-element_type=\"widget\" data-e-type=\"widget\" data-widget_type=\"call-to-action.default\">\n\t\t\t\t<div class=\"elementor-widget-container\">\n\t\t\t\t\t\t\t<div class=\"elementor-cta\">\n\t\t\t\t\t<div class=\"elementor-cta__bg-wrapper\">\n\t\t\t\t<div class=\"elementor-cta__bg elementor-bg\" style=\"background-image: url(https:\/\/arty-shock.com\/wp-content\/uploads\/2022\/03\/jakob-owens-kbd1oAf-9Ms-unsplash-1024x683.jpg);\" role=\"img\" aria-label=\"Product Video\"><\/div>\n\t\t\t\t<div class=\"elementor-cta__bg-overlay\"><\/div>\n\t\t\t<\/div>\n\t\t\t\t\t\t\t<div class=\"elementor-cta__content\">\n\t\t\t\t\n\t\t\t\t\t\t\t\t\t<h2 class=\"elementor-cta__title elementor-cta__content-item elementor-content-item elementor-animated-item--grow\">\n\t\t\t\t\t\tLassen Sie andere Ihre GESCHICHTE erz\u00e4hlen!\t\t\t\t\t<\/h2>\n\t\t\t\t\n\t\t\t\t\t\t\t\t\t<div class=\"elementor-cta__description elementor-cta__content-item elementor-content-item elementor-animated-item--grow\">\n\t\t\t\t\t\t<p>Schreiben Sie uns eine Nachricht!<\/p>\n\t\t\t\t\t<\/div>\n\t\t\t\t\n\t\t\t\t\t\t\t\t\t<div class=\"elementor-cta__button-wrapper elementor-cta__content-item elementor-content-item elementor-animated-item--grow\">\n\t\t\t\t\t<a class=\"elementor-cta__button elementor-button elementor-size-\" href=\"https:\/\/arty-shock.com\/de\/kontakt\/\">\n\t\t\t\t\t\tAction!\t\t\t\t\t<\/a>\n\t\t\t\t\t<\/div>\n\t\t\t\t\t\t\t<\/div>\n\t\t\t\t\t\t<\/div>\n\t\t\t\t\t\t<\/div>\n\t\t\t\t<\/div>\n\t\t\t\t\t<\/div>\n\t\t<\/div>\n\t\t\t\t\t<\/div>\n\t\t<\/section>\n\t\t\t\t<\/div>\n\t\t","protected":false},"excerpt":{"rendered":"<p>Testimonials Videos User Stories &amp; Success Stories Videos Positive Bewertungen schaffen automatisch das Vertrauen eines potenziellen Kunden. Das ist die Art von externer Best\u00e4tigung, die Ihrer Marke echte Glaubw\u00fcrdigkeit verleiht. Noch aussagekr\u00e4ftiger als schriftliche Bewertungen sind Testimonials-Videos. Wenn zufriedene Kunden Sie pers\u00f6nlich vor der Kamera loben, zeigt das, wie sehr sie Ihre Dienstleistungen und die [&hellip;]<\/p>\n","protected":false},"author":1,"featured_media":0,"parent":0,"menu_order":0,"comment_status":"closed","ping_status":"closed","template":"","meta":{"site-sidebar-layout":"no-sidebar","site-content-layout":"page-builder","ast-site-content-layout":"default","site-content-style":"default","site-sidebar-style":"default","ast-global-header-display":"","ast-banner-title-visibility":"","ast-main-header-display":"","ast-hfb-above-header-display":"","ast-hfb-below-header-display":"","ast-hfb-mobile-header-display":"","site-post-title":"disabled","ast-breadcrumbs-content":"","ast-featured-img":"disabled","footer-sml-layout":"","ast-disable-related-posts":"","theme-transparent-header-meta":"","adv-header-id-meta":"","stick-header-meta":"","header-above-stick-meta":"","header-main-stick-meta":"","header-below-stick-meta":"","astra-migrate-meta-layouts":"set","ast-page-background-enabled":"default","ast-page-background-meta":{"desktop":{"background-color":"var(--ast-global-color-4)","background-image":"","background-repeat":"repeat","background-position":"center center","background-size":"auto","background-attachment":"scroll","background-type":"","background-media":"","overlay-type":"","overlay-color":"","overlay-opacity":"","overlay-gradient":""},"tablet":{"background-color":"","background-image":"","background-repeat":"repeat","background-position":"center center","background-size":"auto","background-attachment":"scroll","background-type":"","background-media":"","overlay-type":"","overlay-color":"","overlay-opacity":"","overlay-gradient":""},"mobile":{"background-color":"","background-image":"","background-repeat":"repeat","background-position":"center center","background-size":"auto","background-attachment":"scroll","background-type":"","background-media":"","overlay-type":"","overlay-color":"","overlay-opacity":"","overlay-gradient":""}},"ast-content-background-meta":{"desktop":{"background-color":"var(--ast-global-color-5)","background-image":"","background-repeat":"repeat","background-position":"center center","background-size":"auto","background-attachment":"scroll","background-type":"","background-media":"","overlay-type":"","overlay-color":"","overlay-opacity":"","overlay-gradient":""},"tablet":{"background-color":"var(--ast-global-color-5)","background-image":"","background-repeat":"repeat","background-position":"center center","background-size":"auto","background-attachment":"scroll","background-type":"","background-media":"","overlay-type":"","overlay-color":"","overlay-opacity":"","overlay-gradient":""},"mobile":{"background-color":"var(--ast-global-color-5)","background-image":"","background-repeat":"repeat","background-position":"center center","background-size":"auto","background-attachment":"scroll","background-type":"","background-media":"","overlay-type":"","overlay-color":"","overlay-opacity":"","overlay-gradient":""}},"footnotes":""},"class_list":["post-1995","page","type-page","status-publish","hentry"],"_links":{"self":[{"href":"https:\/\/arty-shock.com\/de\/wp-json\/wp\/v2\/pages\/1995","targetHints":{"allow":["GET"]}}],"collection":[{"href":"https:\/\/arty-shock.com\/de\/wp-json\/wp\/v2\/pages"}],"about":[{"href":"https:\/\/arty-shock.com\/de\/wp-json\/wp\/v2\/types\/page"}],"author":[{"embeddable":true,"href":"https:\/\/arty-shock.com\/de\/wp-json\/wp\/v2\/users\/1"}],"replies":[{"embeddable":true,"href":"https:\/\/arty-shock.com\/de\/wp-json\/wp\/v2\/comments?post=1995"}],"version-history":[{"count":5,"href":"https:\/\/arty-shock.com\/de\/wp-json\/wp\/v2\/pages\/1995\/revisions"}],"predecessor-version":[{"id":7442,"href":"https:\/\/arty-shock.com\/de\/wp-json\/wp\/v2\/pages\/1995\/revisions\/7442"}],"wp:attachment":[{"href":"https:\/\/arty-shock.com\/de\/wp-json\/wp\/v2\/media?parent=1995"}],"curies":[{"name":"wp","href":"https:\/\/api.w.org\/{rel}","templated":true}]}}