{"id":1981,"date":"2022-03-22T10:33:47","date_gmt":"2022-03-22T10:33:47","guid":{"rendered":"https:\/\/arty-shock.com\/dienstleistungen\/"},"modified":"2024-03-15T07:54:48","modified_gmt":"2024-03-15T07:54:48","slug":"dienstleistungen","status":"publish","type":"page","link":"https:\/\/arty-shock.com\/de\/dienstleistungen\/","title":{"rendered":"Dienstleistungen"},"content":{"rendered":"\t\t<div data-elementor-type=\"wp-page\" data-elementor-id=\"1981\" class=\"elementor elementor-1981 elementor-923\" data-elementor-post-type=\"page\">\n\t\t\t\t\t\t<section class=\"elementor-section elementor-top-section elementor-element elementor-element-a692cc1 elementor-section-boxed elementor-section-height-default elementor-section-height-default\" data-id=\"a692cc1\" data-element_type=\"section\" data-e-type=\"section\">\n\t\t\t\t\t\t<div class=\"elementor-container elementor-column-gap-default\">\n\t\t\t\t\t<div class=\"elementor-column elementor-col-100 elementor-top-column elementor-element elementor-element-7aaeab4\" data-id=\"7aaeab4\" data-element_type=\"column\" data-e-type=\"column\">\n\t\t\t<div class=\"elementor-widget-wrap elementor-element-populated\">\n\t\t\t\t\t\t<div class=\"elementor-element elementor-element-e8d7da1 elementor-widget elementor-widget-spacer\" data-id=\"e8d7da1\" data-element_type=\"widget\" data-e-type=\"widget\" data-widget_type=\"spacer.default\">\n\t\t\t\t<div class=\"elementor-widget-container\">\n\t\t\t\t\t\t\t<div class=\"elementor-spacer\">\n\t\t\t<div class=\"elementor-spacer-inner\"><\/div>\n\t\t<\/div>\n\t\t\t\t\t\t<\/div>\n\t\t\t\t<\/div>\n\t\t\t\t<div class=\"elementor-element elementor-element-f9ea516 elementor-widget elementor-widget-heading\" data-id=\"f9ea516\" data-element_type=\"widget\" data-e-type=\"widget\" data-widget_type=\"heading.default\">\n\t\t\t\t<div class=\"elementor-widget-container\">\n\t\t\t\t\t<h1 class=\"elementor-heading-title elementor-size-default\">Dienstleistungen<\/h1>\t\t\t\t<\/div>\n\t\t\t\t<\/div>\n\t\t\t\t<div class=\"elementor-element elementor-element-44ec397 elementor-widget elementor-widget-spacer\" data-id=\"44ec397\" data-element_type=\"widget\" data-e-type=\"widget\" data-widget_type=\"spacer.default\">\n\t\t\t\t<div class=\"elementor-widget-container\">\n\t\t\t\t\t\t\t<div class=\"elementor-spacer\">\n\t\t\t<div class=\"elementor-spacer-inner\"><\/div>\n\t\t<\/div>\n\t\t\t\t\t\t<\/div>\n\t\t\t\t<\/div>\n\t\t\t\t\t<\/div>\n\t\t<\/div>\n\t\t\t\t\t<\/div>\n\t\t<\/section>\n\t\t\t\t<section class=\"elementor-section elementor-top-section elementor-element elementor-element-5b6244a elementor-section-boxed elementor-section-height-default elementor-section-height-default\" data-id=\"5b6244a\" data-element_type=\"section\" data-e-type=\"section\">\n\t\t\t\t\t\t<div class=\"elementor-container elementor-column-gap-default\">\n\t\t\t\t\t<div class=\"elementor-column elementor-col-50 elementor-top-column elementor-element elementor-element-c747e0a\" data-id=\"c747e0a\" data-element_type=\"column\" data-e-type=\"column\">\n\t\t\t<div class=\"elementor-widget-wrap elementor-element-populated\">\n\t\t\t\t\t\t<div class=\"elementor-element elementor-element-bc0b024 elementor-widget elementor-widget-text-editor\" data-id=\"bc0b024\" data-element_type=\"widget\" data-e-type=\"widget\" data-widget_type=\"text-editor.default\">\n\t\t\t\t<div class=\"elementor-widget-container\">\n\t\t\t\t\t\t\t\t\t<h4><\/h4>\n<p style=\"font-style: normal; caret-color: rgb(0, 0, 0); color: rgb(0, 0, 0);\">Womit brauchen Sie Hilfe?<\/p>\n<p style=\"font-style: normal; caret-color: rgb(0, 0, 0); color: rgb(0, 0, 0);\"><strong>Arty-Shock bietet professionelle Fotografie-, Videoproduktions- und Bearbeitungsdienste an, um eine Reihe von Marketing- und Branding-Inhalten zu produzieren, die die Zielgruppe Ihrer Marke ansprechen sollen.<\/strong><\/p>\n\t\t\t\t\t\t\t\t<\/div>\n\t\t\t\t<\/div>\n\t\t\t\t\t<\/div>\n\t\t<\/div>\n\t\t\t\t<div class=\"elementor-column elementor-col-50 elementor-top-column elementor-element elementor-element-8de7a8f\" data-id=\"8de7a8f\" data-element_type=\"column\" data-e-type=\"column\">\n\t\t\t<div class=\"elementor-widget-wrap elementor-element-populated\">\n\t\t\t\t\t\t<div class=\"elementor-element elementor-element-b64c99f elementor-widget elementor-widget-text-editor\" data-id=\"b64c99f\" data-element_type=\"widget\" data-e-type=\"widget\" data-widget_type=\"text-editor.default\">\n\t\t\t\t<div class=\"elementor-widget-container\">\n\t\t\t\t\t\t\t\t\t<h4 style=\"box-sizing: border-box; border: 0px; font-size: 1.5625rem; font-style: inherit; font-weight: 600; margin: 0px; outline: 0px; padding: 0px; vertical-align: baseline; clear: both; color: #c359b7; line-height: 1.2; font-family: 'racing sans one', sans-serif; overflow-wrap: break-word;\">Video Production A-Z<\/h4>\n<div style=\"width: 850.6875px; caret-color: #000000; color: #000000; font-family: roboto, sans-serif; font-size: 16px;\" data-id=\"0cc9f01\" data-element_type=\"column\">\n<div style=\"width: 850.6875px; padding: 10px;\">\n<div style=\"font-family: rowdies, sans-serif; width: 830.6875px; column-gap: 0px;\" data-id=\"ce883c0\" data-element_type=\"widget\" data-widget_type=\"text-editor.default\">\n<p style=\"font-size: 16px; margin-bottom: 1.75em;\"><span style=\"font-weight: bold;\"><span style=\"color: #000000;\">Wir tauchen tief in Ihre Geschichte ein und verstehen Ihr Wertversprechen, <\/span><\/span><span style=\"font-style: inherit; font-weight: bold;\">und legen Sie strategische Videoziele fest. <\/span><span style=\"font-style: inherit; font-weight: bold;\">Ein Zusammenspiel unserer kreativen Motoren mit der Produktionsleistung von Arty-Shock bringt Ihre Geschichte auf die n\u00e4chste Ebene, entweder in Live-Action, 2D oder 3D-Animation.<\/span><\/p>\n<\/div>\n<\/div>\n<\/div>\n\t\t\t\t\t\t\t\t<\/div>\n\t\t\t\t<\/div>\n\t\t\t\t<div class=\"elementor-element elementor-element-fd90092 elementor-widget elementor-widget-text-editor\" data-id=\"fd90092\" data-element_type=\"widget\" data-e-type=\"widget\" data-widget_type=\"text-editor.default\">\n\t\t\t\t<div class=\"elementor-widget-container\">\n\t\t\t\t\t\t\t\t\t<h4 style=\"box-sizing: border-box; border: 0px; font-size: 1.5625rem; font-style: inherit; font-weight: 600; margin: 0px; outline: 0px; padding: 0px; vertical-align: baseline; clear: both; color: #c359b7; line-height: 1.2; font-family: 'racing sans one', sans-serif; overflow-wrap: break-word;\">Video-Beratung<\/h4>\n<div style=\"width: 850.6875px; caret-color: #000000; color: #000000; font-family: roboto, sans-serif; font-size: 16px;\" data-id=\"0cc9f01\" data-element_type=\"column\">\n<div style=\"width: 850.6875px; padding: 10px;\">\n<div style=\"width: 289.296875px;\" data-id=\"d2ee31b\" data-element_type=\"column\">\n<div style=\"width: 289.296875px; padding: 10px;\">\n<div style=\"width: 269.296875px;\" data-id=\"a9b5163\" data-element_type=\"widget\" data-widget_type=\"heading.default\">\n<div><span style=\"font-size: 16px; font-weight: bold; font-family: rowdies, sans-serif;\">Wir unterst\u00fctzen Ihr Team mit unserer Videostrategie, Kreativit\u00e4t und Regie f\u00fcr eine erstklassige interne Videoproduktion.<\/span><\/div>\n<\/div>\n<\/div>\n<\/div>\n<div style=\"font-family: rowdies, sans-serif; width: 830.6875px; column-gap: 0px;\" data-id=\"ce883c0\" data-element_type=\"widget\" data-widget_type=\"text-editor.default\"> <\/div>\n<\/div>\n<\/div>\n\t\t\t\t\t\t\t\t<\/div>\n\t\t\t\t<\/div>\n\t\t\t\t\t<\/div>\n\t\t<\/div>\n\t\t\t\t\t<\/div>\n\t\t<\/section>\n\t\t\t\t<section class=\"elementor-section elementor-top-section elementor-element elementor-element-83b5d6b elementor-section-boxed elementor-section-height-default elementor-section-height-default\" data-id=\"83b5d6b\" data-element_type=\"section\" data-e-type=\"section\">\n\t\t\t\t\t\t<div class=\"elementor-container elementor-column-gap-default\">\n\t\t\t\t\t<div class=\"elementor-column elementor-col-100 elementor-top-column elementor-element elementor-element-21d8ec6\" data-id=\"21d8ec6\" data-element_type=\"column\" data-e-type=\"column\">\n\t\t\t<div class=\"elementor-widget-wrap elementor-element-populated\">\n\t\t\t\t\t\t<div class=\"elementor-element elementor-element-c95860b elementor-widget elementor-widget-heading\" data-id=\"c95860b\" data-element_type=\"widget\" data-e-type=\"widget\" data-widget_type=\"heading.default\">\n\t\t\t\t<div class=\"elementor-widget-container\">\n\t\t\t\t\t<h1 class=\"elementor-heading-title elementor-size-default\">Produkte<\/h1>\t\t\t\t<\/div>\n\t\t\t\t<\/div>\n\t\t\t\t\t<\/div>\n\t\t<\/div>\n\t\t\t\t\t<\/div>\n\t\t<\/section>\n\t\t\t\t<section class=\"elementor-section elementor-top-section elementor-element elementor-element-d077421 elementor-section-boxed elementor-section-height-default elementor-section-height-default\" data-id=\"d077421\" data-element_type=\"section\" data-e-type=\"section\">\n\t\t\t\t\t\t<div class=\"elementor-container elementor-column-gap-default\">\n\t\t\t\t\t<div class=\"elementor-column elementor-col-100 elementor-top-column elementor-element elementor-element-720d8f3\" data-id=\"720d8f3\" data-element_type=\"column\" data-e-type=\"column\">\n\t\t\t<div class=\"elementor-widget-wrap elementor-element-populated\">\n\t\t\t\t\t\t<div class=\"elementor-element elementor-element-cde6ff7 elementor-widget elementor-widget-heading\" data-id=\"cde6ff7\" data-element_type=\"widget\" data-e-type=\"widget\" data-widget_type=\"heading.default\">\n\t\t\t\t<div class=\"elementor-widget-container\">\n\t\t\t\t\t<h3 class=\"elementor-heading-title elementor-size-default\"><a href=\"https:\/\/arty-shock.com\/product-video\/\">Produkt-Video<\/a><\/h3>\t\t\t\t<\/div>\n\t\t\t\t<\/div>\n\t\t\t\t<div class=\"elementor-element elementor-element-2f15fd0 elementor-widget elementor-widget-heading\" data-id=\"2f15fd0\" data-element_type=\"widget\" data-e-type=\"widget\" data-widget_type=\"heading.default\">\n\t\t\t\t<div class=\"elementor-widget-container\">\n\t\t\t\t\t<h3 class=\"elementor-heading-title elementor-size-default\"><a href=\"https:\/\/arty-shock.com\/brand-story-video\/\">Marken-Video-Storytelling<\/a><\/h3>\t\t\t\t<\/div>\n\t\t\t\t<\/div>\n\t\t\t\t<div class=\"elementor-element elementor-element-bdbc811 elementor-widget elementor-widget-heading\" data-id=\"bdbc811\" data-element_type=\"widget\" data-e-type=\"widget\" data-widget_type=\"heading.default\">\n\t\t\t\t<div class=\"elementor-widget-container\">\n\t\t\t\t\t<h3 class=\"elementor-heading-title elementor-size-default\"><a href=\"https:\/\/arty-shock.com\/testimonials-videos\/\">Anwenderberichte &amp; Erfolgsgeschichten Videos<\/a><\/h3>\t\t\t\t<\/div>\n\t\t\t\t<\/div>\n\t\t\t\t\t<\/div>\n\t\t<\/div>\n\t\t\t\t\t<\/div>\n\t\t<\/section>\n\t\t\t\t<section class=\"elementor-section elementor-top-section elementor-element elementor-element-f83910b elementor-section-boxed elementor-section-height-default elementor-section-height-default\" data-id=\"f83910b\" data-element_type=\"section\" data-e-type=\"section\">\n\t\t\t\t\t\t<div class=\"elementor-container elementor-column-gap-default\">\n\t\t\t\t\t<div class=\"elementor-column elementor-col-100 elementor-top-column elementor-element elementor-element-31424a3\" data-id=\"31424a3\" data-element_type=\"column\" data-e-type=\"column\">\n\t\t\t<div class=\"elementor-widget-wrap elementor-element-populated\">\n\t\t\t\t\t\t<div class=\"elementor-element elementor-element-5deb5d0 elementor-cta--skin-cover elementor-animated-content elementor-bg-transform elementor-bg-transform-zoom-in elementor-widget elementor-widget-call-to-action\" data-id=\"5deb5d0\" data-element_type=\"widget\" data-e-type=\"widget\" data-widget_type=\"call-to-action.default\">\n\t\t\t\t<div class=\"elementor-widget-container\">\n\t\t\t\t\t\t\t<div class=\"elementor-cta\">\n\t\t\t\t\t<div class=\"elementor-cta__bg-wrapper\">\n\t\t\t\t<div class=\"elementor-cta__bg elementor-bg\" style=\"background-image: url(https:\/\/arty-shock.com\/wp-content\/uploads\/2022\/03\/jakob-owens-kbd1oAf-9Ms-unsplash-1024x683.jpg);\" role=\"img\" aria-label=\"Product Video\"><\/div>\n\t\t\t\t<div class=\"elementor-cta__bg-overlay\"><\/div>\n\t\t\t<\/div>\n\t\t\t\t\t\t\t<div class=\"elementor-cta__content\">\n\t\t\t\t\n\t\t\t\t\t\t\t\t\t<h2 class=\"elementor-cta__title elementor-cta__content-item elementor-content-item elementor-animated-item--grow\">\n\t\t\t\t\t\tBrauchen Sie ein Video?\t\t\t\t\t<\/h2>\n\t\t\t\t\n\t\t\t\t\t\t\t\t\t<div class=\"elementor-cta__description elementor-cta__content-item elementor-content-item elementor-animated-item--grow\">\n\t\t\t\t\t\t<p>Schreiben Sie uns eine Nachricht!<\/p>\n\t\t\t\t\t<\/div>\n\t\t\t\t\n\t\t\t\t\t\t\t\t\t<div class=\"elementor-cta__button-wrapper elementor-cta__content-item elementor-content-item elementor-animated-item--grow\">\n\t\t\t\t\t<a class=\"elementor-cta__button elementor-button elementor-size-\" href=\"https:\/\/arty-shock.com\/contact\/\">\n\t\t\t\t\t\tAction!\t\t\t\t\t<\/a>\n\t\t\t\t\t<\/div>\n\t\t\t\t\t\t\t<\/div>\n\t\t\t\t\t\t<\/div>\n\t\t\t\t\t\t<\/div>\n\t\t\t\t<\/div>\n\t\t\t\t\t<\/div>\n\t\t<\/div>\n\t\t\t\t\t<\/div>\n\t\t<\/section>\n\t\t\t\t<\/div>\n\t\t","protected":false},"excerpt":{"rendered":"<p>Dienstleistungen Womit brauchen Sie Hilfe? Arty-Shock bietet professionelle Fotografie-, Videoproduktions- und Bearbeitungsdienste an, um eine Reihe von Marketing- und Branding-Inhalten zu produzieren, die die Zielgruppe Ihrer Marke ansprechen sollen. Video Production A-Z Wir tauchen tief in Ihre Geschichte ein und verstehen Ihr Wertversprechen, und legen Sie strategische Videoziele fest. Ein Zusammenspiel unserer kreativen Motoren mit [&hellip;]<\/p>\n","protected":false},"author":1,"featured_media":0,"parent":0,"menu_order":0,"comment_status":"closed","ping_status":"closed","template":"","meta":{"site-sidebar-layout":"no-sidebar","site-content-layout":"page-builder","ast-site-content-layout":"default","site-content-style":"default","site-sidebar-style":"default","ast-global-header-display":"","ast-banner-title-visibility":"","ast-main-header-display":"","ast-hfb-above-header-display":"","ast-hfb-below-header-display":"","ast-hfb-mobile-header-display":"","site-post-title":"disabled","ast-breadcrumbs-content":"","ast-featured-img":"disabled","footer-sml-layout":"","ast-disable-related-posts":"","theme-transparent-header-meta":"","adv-header-id-meta":"","stick-header-meta":"","header-above-stick-meta":"","header-main-stick-meta":"","header-below-stick-meta":"","astra-migrate-meta-layouts":"default","ast-page-background-enabled":"default","ast-page-background-meta":{"desktop":{"background-color":"var(--ast-global-color-4)","background-image":"","background-repeat":"repeat","background-position":"center center","background-size":"auto","background-attachment":"scroll","background-type":"","background-media":"","overlay-type":"","overlay-color":"","overlay-opacity":"","overlay-gradient":""},"tablet":{"background-color":"","background-image":"","background-repeat":"repeat","background-position":"center center","background-size":"auto","background-attachment":"scroll","background-type":"","background-media":"","overlay-type":"","overlay-color":"","overlay-opacity":"","overlay-gradient":""},"mobile":{"background-color":"","background-image":"","background-repeat":"repeat","background-position":"center center","background-size":"auto","background-attachment":"scroll","background-type":"","background-media":"","overlay-type":"","overlay-color":"","overlay-opacity":"","overlay-gradient":""}},"ast-content-background-meta":{"desktop":{"background-color":"var(--ast-global-color-5)","background-image":"","background-repeat":"repeat","background-position":"center center","background-size":"auto","background-attachment":"scroll","background-type":"","background-media":"","overlay-type":"","overlay-color":"","overlay-opacity":"","overlay-gradient":""},"tablet":{"background-color":"var(--ast-global-color-5)","background-image":"","background-repeat":"repeat","background-position":"center center","background-size":"auto","background-attachment":"scroll","background-type":"","background-media":"","overlay-type":"","overlay-color":"","overlay-opacity":"","overlay-gradient":""},"mobile":{"background-color":"var(--ast-global-color-5)","background-image":"","background-repeat":"repeat","background-position":"center center","background-size":"auto","background-attachment":"scroll","background-type":"","background-media":"","overlay-type":"","overlay-color":"","overlay-opacity":"","overlay-gradient":""}},"footnotes":""},"class_list":["post-1981","page","type-page","status-publish","hentry"],"_links":{"self":[{"href":"https:\/\/arty-shock.com\/de\/wp-json\/wp\/v2\/pages\/1981","targetHints":{"allow":["GET"]}}],"collection":[{"href":"https:\/\/arty-shock.com\/de\/wp-json\/wp\/v2\/pages"}],"about":[{"href":"https:\/\/arty-shock.com\/de\/wp-json\/wp\/v2\/types\/page"}],"author":[{"embeddable":true,"href":"https:\/\/arty-shock.com\/de\/wp-json\/wp\/v2\/users\/1"}],"replies":[{"embeddable":true,"href":"https:\/\/arty-shock.com\/de\/wp-json\/wp\/v2\/comments?post=1981"}],"version-history":[{"count":9,"href":"https:\/\/arty-shock.com\/de\/wp-json\/wp\/v2\/pages\/1981\/revisions"}],"predecessor-version":[{"id":5873,"href":"https:\/\/arty-shock.com\/de\/wp-json\/wp\/v2\/pages\/1981\/revisions\/5873"}],"wp:attachment":[{"href":"https:\/\/arty-shock.com\/de\/wp-json\/wp\/v2\/media?parent=1981"}],"curies":[{"name":"wp","href":"https:\/\/api.w.org\/{rel}","templated":true}]}}