{"id":1972,"date":"2022-03-22T08:14:07","date_gmt":"2022-03-22T08:14:07","guid":{"rendered":"https:\/\/arty-shock.com\/ueber\/"},"modified":"2024-03-19T10:37:26","modified_gmt":"2024-03-19T10:37:26","slug":"ueber","status":"publish","type":"page","link":"https:\/\/arty-shock.com\/de\/ueber\/","title":{"rendered":"\u00dcber"},"content":{"rendered":"\t\t<div data-elementor-type=\"wp-page\" data-elementor-id=\"1972\" class=\"elementor elementor-1972 elementor-892\" data-elementor-post-type=\"page\">\n\t\t\t\t\t\t<section class=\"elementor-section elementor-top-section elementor-element elementor-element-3db7694 elementor-section-boxed elementor-section-height-default elementor-section-height-default\" data-id=\"3db7694\" data-element_type=\"section\" data-e-type=\"section\">\n\t\t\t\t\t\t<div class=\"elementor-container elementor-column-gap-default\">\n\t\t\t\t\t<div class=\"elementor-column elementor-col-100 elementor-top-column elementor-element elementor-element-a611612\" data-id=\"a611612\" data-element_type=\"column\" data-e-type=\"column\">\n\t\t\t<div class=\"elementor-widget-wrap elementor-element-populated\">\n\t\t\t\t\t\t<div class=\"elementor-element elementor-element-252cda5 elementor-widget elementor-widget-heading\" data-id=\"252cda5\" data-element_type=\"widget\" data-e-type=\"widget\" data-widget_type=\"heading.default\">\n\t\t\t\t<div class=\"elementor-widget-container\">\n\t\t\t\t\t<h1 class=\"elementor-heading-title elementor-size-default\">\u00dcber<\/h1>\t\t\t\t<\/div>\n\t\t\t\t<\/div>\n\t\t\t\t\t<\/div>\n\t\t<\/div>\n\t\t\t\t\t<\/div>\n\t\t<\/section>\n\t\t\t\t<section class=\"elementor-section elementor-top-section elementor-element elementor-element-4e1ccf9 elementor-section-boxed elementor-section-height-default elementor-section-height-default\" data-id=\"4e1ccf9\" data-element_type=\"section\" data-e-type=\"section\">\n\t\t\t\t\t\t<div class=\"elementor-container elementor-column-gap-default\">\n\t\t\t\t\t<div class=\"elementor-column elementor-col-100 elementor-top-column elementor-element elementor-element-49b4300\" data-id=\"49b4300\" data-element_type=\"column\" data-e-type=\"column\">\n\t\t\t<div class=\"elementor-widget-wrap elementor-element-populated\">\n\t\t\t\t\t\t<div class=\"elementor-element elementor-element-db53a94 elementor-widget elementor-widget-text-editor\" data-id=\"db53a94\" data-element_type=\"widget\" data-e-type=\"widget\" data-widget_type=\"text-editor.default\">\n\t\t\t\t<div class=\"elementor-widget-container\">\n\t\t\t\t\t\t\t\t\t<h1 style=\"font-style: normal; caret-color: #000000; color: #000000;\"><span style=\"color: #c359b7;\"><strong>Was k\u00f6nnen wir tun?<\/strong><\/span><\/h1>\n<p style=\"font-style: normal; caret-color: #000000; color: #000000;\">Wir sind Video-Storyteller: Wir helfen Marken dabei, mit Videos und Fotos ansprechende Geschichten zu erz\u00e4hlen, die ihr Publikum bewegen.<\/p>\n<p style=\"font-style: normal; caret-color: #000000; color: #000000;\">Jemand hat einmal gesagt: *&#8220;Wenn ein Bild mehr sagt als tausend Worte, dann ist ein Video mehr wert als eine Million. &#8222;* Ob es sich um ein skurriles Marketingvideo handelt (erinnern Sie sich an das <a href=\"https:\/\/youtu.be\/YbYWhdLO43Q\" target=\"_blank\" rel=\"noopener\">Squatty Potty Video<\/a> mit eislutschenden Einh\u00f6rnern?) oder um Teaser-Clips f\u00fcr die n\u00e4chste iPhone-Einf\u00fchrung, jeder liebt ein gutes Video.<\/p>\n<p style=\"font-style: normal; caret-color: #000000; color: #000000;\">Das menschliche Gehirn ist so verdrahtet, dass es visuelle Inhalte viel besser verarbeiten und behalten kann als statische Textinhalte, was erkl\u00e4rt, warum Videoinhalte ein viel h\u00f6heres Engagement und h\u00f6here Verkaufszahlen erzielen als traditionelle Medien.<\/p>\n<p style=\"font-style: normal; caret-color: #000000; color: #000000;\"><em><a href=\"mailto:yehuda@arty-shock.com\">Erz\u00e4hlen Sie uns von Ihrer Marke<\/a>.<\/em> Wir geben Ihrer Geschichte die Stimme, die sie braucht.<\/p>\n<p style=\"font-style: normal; caret-color: #000000; color: #000000;\">Wir bieten professionelle Videoproduktion f\u00fcr Unternehmen und kommerzielle Marken weltweit sowie Eventfotografie in Berlin, Hamburg, Frankfurt und in ganz Europa.<\/p>\n<h1 style=\"font-style: normal; caret-color: #000000; color: #000000;\"><span style=\"color: #c359b7;\"><strong>Warum Arty-Shock?<\/strong><\/span><\/h1>\n<p style=\"font-style: normal; caret-color: #000000; color: #000000;\">Die Artischocke ist eine visuell faszinierende Pflanze. Sch\u00f6n und komplex mit mehreren Schichten, ist es so vielseitig wie es in seiner nat\u00fcrlichen fraktalen Geometrie faszinierend ist. Schon der Anblick einer Artischocke l\u00f6st eine Mischung von Emotionen aus: Ehrfurcht, Freude, Neugierde.<\/p>\n<p style=\"font-style: normal; caret-color: #000000; color: #000000;\">Das ist der Effekt, den wir mit unserem Video-Storytelling erreichen wollen. <em>Der Artischockeneffekt.<\/em> Die besten Geschichten sind diejenigen, die Emotionen wecken, einen Eindruck hinterlassen und einen Dialog in Gang setzen. Jede Marke hat eine Geschichte zu erz\u00e4hlen. Unsere Aufgabe ist es, Ihnen dabei zu helfen, Ihre Geschichte so zu erz\u00e4hlen, dass sie bei Ihrem Publikum am besten ankommt, d. h. <em>\u201carty-shock\u201d<\/em> Ihr Publikum.<\/p>\n<p style=\"font-style: normal; caret-color: #000000; color: #000000;\"><span style=\"color: #c359b7;\"><em><a style=\"color: #c359b7;\" href=\"https:\/\/arty-shock.com\/de\/kontakt\/\">Was ist Ihre Geschichte?<\/a><\/em><\/span><\/p>\n<h1 style=\"font-style: normal; caret-color: #000000; color: #000000;\"><span style=\"color: #c359b7;\"><strong>Unsere Philosophie<\/strong><\/span><\/h1>\n<p style=\"font-style: normal; caret-color: #000000; color: #000000;\">Wir sind professionelle Videofilmer und Fotografen, aber <span style=\"color: #c359b7;\"><strong>wir sind in erster Linie Geschichtenerz\u00e4hler.<\/strong> Unsere Videos haben eine Geschichte zu erz\u00e4hlen, und wir sind dazu da, die Momente einzufangen, die diese Geschichte am besten erz\u00e4hlen.<\/span><\/p>\n<p style=\"font-style: normal; caret-color: #000000; color: #000000;\">Als Unternehmen kennen wir die Herausforderungen des sich st\u00e4ndig weiterentwickelnden Marktes, in dem wir t\u00e4tig sind, aus erster Hand. Es ist uns nicht fremd, unter Druck und mit engen Fristen zu arbeiten. Sie k\u00f6nnen darauf vertrauen, dass wir f\u00fcr Sie da sind, wenn Sie uns brauchen.<\/p>\n<p style=\"font-style: normal; caret-color: #000000; color: #000000;\"><span style=\"color: #c359b7;\"><strong>Wir arbeiten schnell, wir arbeiten klug, und wir arbeiten hart.<\/strong> <\/span>Wir sind Profis, die qualitativ hochwertige Arbeit abliefern und kreative L\u00f6sungen f\u00fcr Hindernisse finden, auf die wir auf unserem Weg sto\u00dfen k\u00f6nnten.<\/p>\n<p style=\"font-style: normal; caret-color: #000000; color: #000000;\"><span style=\"color: #c359b7;\"><em><a style=\"color: #c359b7;\" href=\"https:\/\/arty-shock.com\/de\/kontakt\/\">Lassen Sie uns zusammenarbeiten!<\/a><\/em><\/span><\/p>\n\t\t\t\t\t\t\t\t<\/div>\n\t\t\t\t<\/div>\n\t\t\t\t\t<\/div>\n\t\t<\/div>\n\t\t\t\t\t<\/div>\n\t\t<\/section>\n\t\t\t\t<\/div>\n\t\t","protected":false},"excerpt":{"rendered":"<p>\u00dcber Was k\u00f6nnen wir tun? Wir sind Video-Storyteller: Wir helfen Marken dabei, mit Videos und Fotos ansprechende Geschichten zu erz\u00e4hlen, die ihr Publikum bewegen. Jemand hat einmal gesagt: *&#8220;Wenn ein Bild mehr sagt als tausend Worte, dann ist ein Video mehr wert als eine Million. &#8222;* Ob es sich um ein skurriles Marketingvideo handelt (erinnern [&hellip;]<\/p>\n","protected":false},"author":1,"featured_media":0,"parent":0,"menu_order":0,"comment_status":"closed","ping_status":"closed","template":"","meta":{"site-sidebar-layout":"no-sidebar","site-content-layout":"page-builder","ast-site-content-layout":"default","site-content-style":"default","site-sidebar-style":"default","ast-global-header-display":"","ast-banner-title-visibility":"","ast-main-header-display":"","ast-hfb-above-header-display":"","ast-hfb-below-header-display":"","ast-hfb-mobile-header-display":"","site-post-title":"disabled","ast-breadcrumbs-content":"","ast-featured-img":"disabled","footer-sml-layout":"","ast-disable-related-posts":"","theme-transparent-header-meta":"","adv-header-id-meta":"","stick-header-meta":"","header-above-stick-meta":"","header-main-stick-meta":"","header-below-stick-meta":"","astra-migrate-meta-layouts":"default","ast-page-background-enabled":"default","ast-page-background-meta":{"desktop":{"background-color":"var(--ast-global-color-4)","background-image":"","background-repeat":"repeat","background-position":"center center","background-size":"auto","background-attachment":"scroll","background-type":"","background-media":"","overlay-type":"","overlay-color":"","overlay-opacity":"","overlay-gradient":""},"tablet":{"background-color":"","background-image":"","background-repeat":"repeat","background-position":"center center","background-size":"auto","background-attachment":"scroll","background-type":"","background-media":"","overlay-type":"","overlay-color":"","overlay-opacity":"","overlay-gradient":""},"mobile":{"background-color":"","background-image":"","background-repeat":"repeat","background-position":"center center","background-size":"auto","background-attachment":"scroll","background-type":"","background-media":"","overlay-type":"","overlay-color":"","overlay-opacity":"","overlay-gradient":""}},"ast-content-background-meta":{"desktop":{"background-color":"var(--ast-global-color-5)","background-image":"","background-repeat":"repeat","background-position":"center center","background-size":"auto","background-attachment":"scroll","background-type":"","background-media":"","overlay-type":"","overlay-color":"","overlay-opacity":"","overlay-gradient":""},"tablet":{"background-color":"var(--ast-global-color-5)","background-image":"","background-repeat":"repeat","background-position":"center center","background-size":"auto","background-attachment":"scroll","background-type":"","background-media":"","overlay-type":"","overlay-color":"","overlay-opacity":"","overlay-gradient":""},"mobile":{"background-color":"var(--ast-global-color-5)","background-image":"","background-repeat":"repeat","background-position":"center center","background-size":"auto","background-attachment":"scroll","background-type":"","background-media":"","overlay-type":"","overlay-color":"","overlay-opacity":"","overlay-gradient":""}},"footnotes":""},"class_list":["post-1972","page","type-page","status-publish","hentry"],"_links":{"self":[{"href":"https:\/\/arty-shock.com\/de\/wp-json\/wp\/v2\/pages\/1972","targetHints":{"allow":["GET"]}}],"collection":[{"href":"https:\/\/arty-shock.com\/de\/wp-json\/wp\/v2\/pages"}],"about":[{"href":"https:\/\/arty-shock.com\/de\/wp-json\/wp\/v2\/types\/page"}],"author":[{"embeddable":true,"href":"https:\/\/arty-shock.com\/de\/wp-json\/wp\/v2\/users\/1"}],"replies":[{"embeddable":true,"href":"https:\/\/arty-shock.com\/de\/wp-json\/wp\/v2\/comments?post=1972"}],"version-history":[{"count":9,"href":"https:\/\/arty-shock.com\/de\/wp-json\/wp\/v2\/pages\/1972\/revisions"}],"predecessor-version":[{"id":5988,"href":"https:\/\/arty-shock.com\/de\/wp-json\/wp\/v2\/pages\/1972\/revisions\/5988"}],"wp:attachment":[{"href":"https:\/\/arty-shock.com\/de\/wp-json\/wp\/v2\/media?parent=1972"}],"curies":[{"name":"wp","href":"https:\/\/api.w.org\/{rel}","templated":true}]}}